{"id":210,"date":"2021-08-20T09:16:03","date_gmt":"2021-08-20T12:16:03","guid":{"rendered":"https:\/\/turnos.csjn.gov.ar\/?page_id=210"},"modified":"2022-08-25T13:18:00","modified_gmt":"2022-08-25T16:18:00","slug":"su-solicitud-de-turno-ha-sido-registrada","status":"publish","type":"page","link":"https:\/\/turnos.csjn.gov.ar\/?page_id=210","title":{"rendered":"Su solicitud de turno ha sido registrada"},"content":{"rendered":"\n<div class=\"wp-block-coblocks-alert\"><p class=\"wp-block-coblocks-alert__title\"><strong><span class=\"has-inline-color has-vivid-red-color\">Muy Importante<\/span><\/strong><\/p><p class=\"wp-block-coblocks-alert__text\"><br>Recuerde que deber\u00e1 verificar su casilla de correo para confirmar el turno. <br>Caso contrario, esta solicitud carecer\u00e1 de validez y no ser\u00e1 atendido.<br><br>Si no recibe el correo revise la casilla de correo no deseado.<br><br><span class=\"has-inline-color has-vivid-red-color\">Posterior a Confirmar el turno recibir\u00e1 otro correo adicional con los requisitos a presentar al momento  del tramite <\/span><br><\/p><\/div>\n\n\n\n<p><a href=\"https:\/\/www.csjn.gov.ar\/\">Volver al sitio de CSJN <\/a><\/p>\n","protected":false},"excerpt":{"rendered":"<p>Volver al sitio de CSJN<\/p>\n","protected":false},"author":1,"featured_media":0,"parent":0,"menu_order":0,"comment_status":"closed","ping_status":"closed","template":"","meta":{"_coblocks_attr":"","_coblocks_dimensions":"","_coblocks_responsive_height":"","_coblocks_accordion_ie_support":"","footnotes":""},"class_list":["post-210","page","type-page","status-publish","hentry"],"_links":{"self":[{"href":"https:\/\/turnos.csjn.gov.ar\/index.php?rest_route=\/wp\/v2\/pages\/210"}],"collection":[{"href":"https:\/\/turnos.csjn.gov.ar\/index.php?rest_route=\/wp\/v2\/pages"}],"about":[{"href":"https:\/\/turnos.csjn.gov.ar\/index.php?rest_route=\/wp\/v2\/types\/page"}],"author":[{"embeddable":true,"href":"https:\/\/turnos.csjn.gov.ar\/index.php?rest_route=\/wp\/v2\/users\/1"}],"replies":[{"embeddable":true,"href":"https:\/\/turnos.csjn.gov.ar\/index.php?rest_route=%2Fwp%2Fv2%2Fcomments&post=210"}],"version-history":[{"count":2,"href":"https:\/\/turnos.csjn.gov.ar\/index.php?rest_route=\/wp\/v2\/pages\/210\/revisions"}],"predecessor-version":[{"id":260,"href":"https:\/\/turnos.csjn.gov.ar\/index.php?rest_route=\/wp\/v2\/pages\/210\/revisions\/260"}],"wp:attachment":[{"href":"https:\/\/turnos.csjn.gov.ar\/index.php?rest_route=%2Fwp%2Fv2%2Fmedia&parent=210"}],"curies":[{"name":"wp","href":"https:\/\/api.w.org\/{rel}","templated":true}]}}